{"id":26,"date":"2021-05-05T10:37:54","date_gmt":"2021-05-05T09:37:54","guid":{"rendered":"http:\/\/samblixt.se\/?page_id=26"},"modified":"2021-05-05T10:37:54","modified_gmt":"2021-05-05T09:37:54","slug":"om-oss","status":"publish","type":"page","link":"http:\/\/samblixt.se\/?page_id=26","title":{"rendered":"Om oss"},"content":{"rendered":"<p>Vi arbetar f\u00f6r att \u00f6ka tryggheten p\u00e5 v\u00e4garna. Tanken med sidan \u00e4r att g\u00f6ra intressanta reportage om h\u00e4ndelser i trafiken som p\u00e5 ett s\u00e4tt eller annat \u00e4r v\u00e4rda att ber\u00f6ra. Vi informerar ocks\u00e5 om vad du som bilf\u00f6rare eller yrkeschauff\u00f6r kan g\u00f6ra f\u00f6r att bidra till en \u00f6kad s\u00e4kerhet p\u00e5 v\u00e4garna. Vi f\u00f6rs\u00f6ker ocks\u00e5 att informera om planerade \u00e4ndringar i trafikreglerna i f\u00f6rv\u00e4g och \u00e4ven ge v\u00e5rt perspektiv p\u00e5 vad som beh\u00f6vs g\u00f6ras f\u00f6r att Sveriges v\u00e4gar ska bli tryggare. Vi letar st\u00e4ndigt efter nya skribenter och du \u00e4r v\u00e4lkommen att kontakta oss om du ocks\u00e5 vill bli en del av redaktionen.<\/p>\n","protected":false},"excerpt":{"rendered":"<p>Vi arbetar f\u00f6r att \u00f6ka tryggheten p\u00e5 v\u00e4garna. Tanken med sidan \u00e4r att g\u00f6ra intressanta reportage om h\u00e4ndelser i trafiken som p\u00e5 ett s\u00e4tt eller&hellip;<\/p>\n","protected":false},"author":1,"featured_media":25,"parent":0,"menu_order":0,"comment_status":"closed","ping_status":"closed","template":"","meta":{"footnotes":""},"class_list":["post-26","page","type-page","status-publish","has-post-thumbnail","hentry"],"_links":{"self":[{"href":"http:\/\/samblixt.se\/index.php?rest_route=\/wp\/v2\/pages\/26","targetHints":{"allow":["GET"]}}],"collection":[{"href":"http:\/\/samblixt.se\/index.php?rest_route=\/wp\/v2\/pages"}],"about":[{"href":"http:\/\/samblixt.se\/index.php?rest_route=\/wp\/v2\/types\/page"}],"author":[{"embeddable":true,"href":"http:\/\/samblixt.se\/index.php?rest_route=\/wp\/v2\/users\/1"}],"replies":[{"embeddable":true,"href":"http:\/\/samblixt.se\/index.php?rest_route=%2Fwp%2Fv2%2Fcomments&post=26"}],"version-history":[{"count":1,"href":"http:\/\/samblixt.se\/index.php?rest_route=\/wp\/v2\/pages\/26\/revisions"}],"predecessor-version":[{"id":27,"href":"http:\/\/samblixt.se\/index.php?rest_route=\/wp\/v2\/pages\/26\/revisions\/27"}],"wp:featuredmedia":[{"embeddable":true,"href":"http:\/\/samblixt.se\/index.php?rest_route=\/wp\/v2\/media\/25"}],"wp:attachment":[{"href":"http:\/\/samblixt.se\/index.php?rest_route=%2Fwp%2Fv2%2Fmedia&parent=26"}],"curies":[{"name":"wp","href":"https:\/\/api.w.org\/{rel}","templated":true}]}}